{"id":781,"date":"2024-12-09T12:30:24","date_gmt":"2024-12-09T12:30:24","guid":{"rendered":"https:\/\/kittyfriend0044.live-website.com\/bamboo-clumping\/"},"modified":"2024-12-26T10:17:56","modified_gmt":"2024-12-26T10:17:56","slug":"kittyfriend-bamboo-vegetal-clumping-litter","status":"publish","type":"product","link":"https:\/\/kittyfriend.com\/fr\/litieres-vegetale\/kittyfriend-bamboo-vegetal-clumping-litter\/","title":{"rendered":"Kittyfriend Bamboo Vegetal Clumping Litter"},"content":{"rendered":"<p><span data-sheets-root=\"1\">Liti\u00e8re v\u00e9g\u00e9tale agglom\u00e9rante biod\u00e9gradable \u00e0 base de bambou et de fibres v\u00e9g\u00e9tales, avec un contr\u00f4le naturel des odeurs, garantissant une hygi\u00e8ne optimale \u00e0 la maison. Elle se distingue par son pouvoir d&rsquo;agglom\u00e9ration \u00e9lev\u00e9 et rapide, formant des amas compacts en seulement 3 secondes.<\/span><\/p>\n","protected":false},"author":2,"featured_media":0,"menu_order":0,"template":"","meta":{"_acf_changed":false,"footnotes":""},"range":[25],"class_list":["post-781","product","type-product","status-publish","hentry","range-litieres-vegetale"],"acf":[],"yoast_head":"<!-- This site is optimized with the Yoast SEO plugin v24.1 - https:\/\/yoast.com\/wordpress\/plugins\/seo\/ -->\n<title>Liti\u00e8re biodegradable pour chats | Kittyfriend Bamboo<\/title>\n<meta name=\"description\" content=\"Liti\u00e8re biodegradable \u00e0 base de bambou et de fibres v\u00e9g\u00e9tales. Ce produit forme rapidement des amas et assure un contr\u00f4le naturel des odeurs.\" \/>\n<meta name=\"robots\" content=\"index, follow, max-snippet:-1, max-image-preview:large, max-video-preview:-1\" \/>\n<link rel=\"canonical\" href=\"https:\/\/kittyfriend.com\/fr\/litieres-vegetale\/kittyfriend-bamboo-vegetal-clumping-litter\/\" \/>\n<meta property=\"og:locale\" content=\"fr_FR\" \/>\n<meta property=\"og:type\" content=\"article\" \/>\n<meta property=\"og:title\" content=\"Liti\u00e8re biodegradable pour chats | Kittyfriend Bamboo\" \/>\n<meta property=\"og:description\" content=\"Liti\u00e8re biodegradable \u00e0 base de bambou et de fibres v\u00e9g\u00e9tales. Ce produit forme rapidement des amas et assure un contr\u00f4le naturel des odeurs.\" \/>\n<meta property=\"og:url\" content=\"https:\/\/kittyfriend.com\/fr\/litieres-vegetale\/kittyfriend-bamboo-vegetal-clumping-litter\/\" \/>\n<meta property=\"og:site_name\" content=\"Kittyfriend\" \/>\n<meta property=\"article:modified_time\" content=\"2024-12-26T10:17:56+00:00\" \/>\n<meta name=\"twitter:card\" content=\"summary_large_image\" \/>\n<meta name=\"twitter:label1\" content=\"Dur\u00e9e de lecture estim\u00e9e\" \/>\n\t<meta name=\"twitter:data1\" content=\"1 minute\" \/>\n<script type=\"application\/ld+json\" class=\"yoast-schema-graph\">{\"@context\":\"https:\/\/schema.org\",\"@graph\":[{\"@type\":\"WebPage\",\"@id\":\"https:\/\/kittyfriend.com\/fr\/litieres-vegetale\/kittyfriend-bamboo-vegetal-clumping-litter\/\",\"url\":\"https:\/\/kittyfriend.com\/fr\/litieres-vegetale\/kittyfriend-bamboo-vegetal-clumping-litter\/\",\"name\":\"Liti\u00e8re biodegradable pour chats | Kittyfriend Bamboo\",\"isPartOf\":{\"@id\":\"https:\/\/kittyfriend.com\/fr\/#website\"},\"datePublished\":\"2024-12-09T12:30:24+00:00\",\"dateModified\":\"2024-12-26T10:17:56+00:00\",\"description\":\"Liti\u00e8re biodegradable \u00e0 base de bambou et de fibres v\u00e9g\u00e9tales. Ce produit forme rapidement des amas et assure un contr\u00f4le naturel des odeurs.\",\"breadcrumb\":{\"@id\":\"https:\/\/kittyfriend.com\/fr\/litieres-vegetale\/kittyfriend-bamboo-vegetal-clumping-litter\/#breadcrumb\"},\"inLanguage\":\"fr-FR\",\"potentialAction\":[{\"@type\":\"ReadAction\",\"target\":[\"https:\/\/kittyfriend.com\/fr\/litieres-vegetale\/kittyfriend-bamboo-vegetal-clumping-litter\/\"]}]},{\"@type\":\"BreadcrumbList\",\"@id\":\"https:\/\/kittyfriend.com\/fr\/litieres-vegetale\/kittyfriend-bamboo-vegetal-clumping-litter\/#breadcrumb\",\"itemListElement\":[{\"@type\":\"ListItem\",\"position\":1,\"name\":\"Home\",\"item\":\"https:\/\/kittyfriend.com\/fr\/\"},{\"@type\":\"ListItem\",\"position\":2,\"name\":\"Products\",\"item\":\"https:\/\/kittyfriend.com\/fr\/products\/\"},{\"@type\":\"ListItem\",\"position\":3,\"name\":\"Kittyfriend Bamboo Vegetal Clumping Litter\"}]},{\"@type\":\"WebSite\",\"@id\":\"https:\/\/kittyfriend.com\/fr\/#website\",\"url\":\"https:\/\/kittyfriend.com\/fr\/\",\"name\":\"Kittyfriend\",\"description\":\"Cat Litter\",\"publisher\":{\"@id\":\"https:\/\/kittyfriend.com\/fr\/#organization\"},\"potentialAction\":[{\"@type\":\"SearchAction\",\"target\":{\"@type\":\"EntryPoint\",\"urlTemplate\":\"https:\/\/kittyfriend.com\/fr\/?s={search_term_string}\"},\"query-input\":{\"@type\":\"PropertyValueSpecification\",\"valueRequired\":true,\"valueName\":\"search_term_string\"}}],\"inLanguage\":\"fr-FR\"},{\"@type\":\"Organization\",\"@id\":\"https:\/\/kittyfriend.com\/fr\/#organization\",\"name\":\"Kittyfriend\",\"url\":\"https:\/\/kittyfriend.com\/fr\/\",\"logo\":{\"@type\":\"ImageObject\",\"inLanguage\":\"fr-FR\",\"@id\":\"https:\/\/kittyfriend.com\/fr\/#\/schema\/logo\/image\/\",\"url\":\"https:\/\/kittyfriend.com\/wp-content\/uploads\/2024\/11\/Logo_Kittyfriend-black.svg\",\"contentUrl\":\"https:\/\/kittyfriend.com\/wp-content\/uploads\/2024\/11\/Logo_Kittyfriend-black.svg\",\"width\":1,\"height\":1,\"caption\":\"Kittyfriend\"},\"image\":{\"@id\":\"https:\/\/kittyfriend.com\/fr\/#\/schema\/logo\/image\/\"}}]}<\/script>\n<!-- \/ Yoast SEO plugin. -->","yoast_head_json":{"title":"Liti\u00e8re biodegradable pour chats | Kittyfriend Bamboo","description":"Liti\u00e8re biodegradable \u00e0 base de bambou et de fibres v\u00e9g\u00e9tales. Ce produit forme rapidement des amas et assure un contr\u00f4le naturel des odeurs.","robots":{"index":"index","follow":"follow","max-snippet":"max-snippet:-1","max-image-preview":"max-image-preview:large","max-video-preview":"max-video-preview:-1"},"canonical":"https:\/\/kittyfriend.com\/fr\/litieres-vegetale\/kittyfriend-bamboo-vegetal-clumping-litter\/","og_locale":"fr_FR","og_type":"article","og_title":"Liti\u00e8re biodegradable pour chats | Kittyfriend Bamboo","og_description":"Liti\u00e8re biodegradable \u00e0 base de bambou et de fibres v\u00e9g\u00e9tales. Ce produit forme rapidement des amas et assure un contr\u00f4le naturel des odeurs.","og_url":"https:\/\/kittyfriend.com\/fr\/litieres-vegetale\/kittyfriend-bamboo-vegetal-clumping-litter\/","og_site_name":"Kittyfriend","article_modified_time":"2024-12-26T10:17:56+00:00","twitter_card":"summary_large_image","twitter_misc":{"Dur\u00e9e de lecture estim\u00e9e":"1 minute"},"schema":{"@context":"https:\/\/schema.org","@graph":[{"@type":"WebPage","@id":"https:\/\/kittyfriend.com\/fr\/litieres-vegetale\/kittyfriend-bamboo-vegetal-clumping-litter\/","url":"https:\/\/kittyfriend.com\/fr\/litieres-vegetale\/kittyfriend-bamboo-vegetal-clumping-litter\/","name":"Liti\u00e8re biodegradable pour chats | Kittyfriend Bamboo","isPartOf":{"@id":"https:\/\/kittyfriend.com\/fr\/#website"},"datePublished":"2024-12-09T12:30:24+00:00","dateModified":"2024-12-26T10:17:56+00:00","description":"Liti\u00e8re biodegradable \u00e0 base de bambou et de fibres v\u00e9g\u00e9tales. Ce produit forme rapidement des amas et assure un contr\u00f4le naturel des odeurs.","breadcrumb":{"@id":"https:\/\/kittyfriend.com\/fr\/litieres-vegetale\/kittyfriend-bamboo-vegetal-clumping-litter\/#breadcrumb"},"inLanguage":"fr-FR","potentialAction":[{"@type":"ReadAction","target":["https:\/\/kittyfriend.com\/fr\/litieres-vegetale\/kittyfriend-bamboo-vegetal-clumping-litter\/"]}]},{"@type":"BreadcrumbList","@id":"https:\/\/kittyfriend.com\/fr\/litieres-vegetale\/kittyfriend-bamboo-vegetal-clumping-litter\/#breadcrumb","itemListElement":[{"@type":"ListItem","position":1,"name":"Home","item":"https:\/\/kittyfriend.com\/fr\/"},{"@type":"ListItem","position":2,"name":"Products","item":"https:\/\/kittyfriend.com\/fr\/products\/"},{"@type":"ListItem","position":3,"name":"Kittyfriend Bamboo Vegetal Clumping Litter"}]},{"@type":"WebSite","@id":"https:\/\/kittyfriend.com\/fr\/#website","url":"https:\/\/kittyfriend.com\/fr\/","name":"Kittyfriend","description":"Cat Litter","publisher":{"@id":"https:\/\/kittyfriend.com\/fr\/#organization"},"potentialAction":[{"@type":"SearchAction","target":{"@type":"EntryPoint","urlTemplate":"https:\/\/kittyfriend.com\/fr\/?s={search_term_string}"},"query-input":{"@type":"PropertyValueSpecification","valueRequired":true,"valueName":"search_term_string"}}],"inLanguage":"fr-FR"},{"@type":"Organization","@id":"https:\/\/kittyfriend.com\/fr\/#organization","name":"Kittyfriend","url":"https:\/\/kittyfriend.com\/fr\/","logo":{"@type":"ImageObject","inLanguage":"fr-FR","@id":"https:\/\/kittyfriend.com\/fr\/#\/schema\/logo\/image\/","url":"https:\/\/kittyfriend.com\/wp-content\/uploads\/2024\/11\/Logo_Kittyfriend-black.svg","contentUrl":"https:\/\/kittyfriend.com\/wp-content\/uploads\/2024\/11\/Logo_Kittyfriend-black.svg","width":1,"height":1,"caption":"Kittyfriend"},"image":{"@id":"https:\/\/kittyfriend.com\/fr\/#\/schema\/logo\/image\/"}}]}},"_links":{"self":[{"href":"https:\/\/kittyfriend.com\/fr\/wp-json\/wp\/v2\/product\/781","targetHints":{"allow":["GET"]}}],"collection":[{"href":"https:\/\/kittyfriend.com\/fr\/wp-json\/wp\/v2\/product"}],"about":[{"href":"https:\/\/kittyfriend.com\/fr\/wp-json\/wp\/v2\/types\/product"}],"author":[{"embeddable":true,"href":"https:\/\/kittyfriend.com\/fr\/wp-json\/wp\/v2\/users\/2"}],"version-history":[{"count":5,"href":"https:\/\/kittyfriend.com\/fr\/wp-json\/wp\/v2\/product\/781\/revisions"}],"predecessor-version":[{"id":1098,"href":"https:\/\/kittyfriend.com\/fr\/wp-json\/wp\/v2\/product\/781\/revisions\/1098"}],"wp:attachment":[{"href":"https:\/\/kittyfriend.com\/fr\/wp-json\/wp\/v2\/media?parent=781"}],"wp:term":[{"taxonomy":"range","embeddable":true,"href":"https:\/\/kittyfriend.com\/fr\/wp-json\/wp\/v2\/range?post=781"}],"curies":[{"name":"wp","href":"https:\/\/api.w.org\/{rel}","templated":true}]}}