{"id":777,"date":"2024-12-09T09:04:33","date_gmt":"2024-12-09T09:04:33","guid":{"rendered":"https:\/\/kittyfriend0044.live-website.com\/product\/white-super-clumping\/"},"modified":"2024-12-26T10:18:05","modified_gmt":"2024-12-26T10:18:05","slug":"kittyfriend-white-super-clumping-vegetal-litter","status":"publish","type":"product","link":"https:\/\/kittyfriend.com\/fr\/litieres-vegetale\/kittyfriend-white-super-clumping-vegetal-litter\/","title":{"rendered":"Kittyfriend White Super Clumping Vegetal Litter"},"content":{"rendered":"<p><span data-sheets-root=\"1\">Liti\u00e8re v\u00e9g\u00e9tale avec un fort pouvoir agglom\u00e9rant qui neutralise naturellement les mauvaises odeurs. Ses granul\u00e9s fins sont doux pour les pattes et sont particuli\u00e8rement recommand\u00e9s pour les chats sensibles. Jetable par les WC* en petites quantit\u00e9s pour un nettoyage facile.<\/span><\/p>\n","protected":false},"author":2,"featured_media":0,"menu_order":0,"template":"","meta":{"_acf_changed":false,"footnotes":""},"range":[25],"class_list":["post-777","product","type-product","status-publish","hentry","range-litieres-vegetale"],"acf":[],"yoast_head":"<!-- This site is optimized with the Yoast SEO plugin v24.1 - https:\/\/yoast.com\/wordpress\/plugins\/seo\/ -->\n<title>Liti\u00e8re vegetale ecologique pour chats | Kittyfriend White<\/title>\n<meta name=\"description\" content=\"D\u00e9couvrez notre liti\u00e8re ultra clampante, notre option agglom\u00e9rante recycl\u00e9e et v\u00e9g\u00e9tale qui fait le bonheur de votre chat et de la plan\u00e8te.\" \/>\n<meta name=\"robots\" content=\"index, follow, max-snippet:-1, max-image-preview:large, max-video-preview:-1\" \/>\n<link rel=\"canonical\" href=\"https:\/\/kittyfriend.com\/fr\/litieres-vegetale\/kittyfriend-white-super-clumping-vegetal-litter\/\" \/>\n<meta property=\"og:locale\" content=\"fr_FR\" \/>\n<meta property=\"og:type\" content=\"article\" \/>\n<meta property=\"og:title\" content=\"Liti\u00e8re vegetale ecologique pour chats | Kittyfriend White\" \/>\n<meta property=\"og:description\" content=\"D\u00e9couvrez notre liti\u00e8re ultra clampante, notre option agglom\u00e9rante recycl\u00e9e et v\u00e9g\u00e9tale qui fait le bonheur de votre chat et de la plan\u00e8te.\" \/>\n<meta property=\"og:url\" content=\"https:\/\/kittyfriend.com\/fr\/litieres-vegetale\/kittyfriend-white-super-clumping-vegetal-litter\/\" \/>\n<meta property=\"og:site_name\" content=\"Kittyfriend\" \/>\n<meta property=\"article:modified_time\" content=\"2024-12-26T10:18:05+00:00\" \/>\n<meta name=\"twitter:card\" content=\"summary_large_image\" \/>\n<meta name=\"twitter:label1\" content=\"Dur\u00e9e de lecture estim\u00e9e\" \/>\n\t<meta name=\"twitter:data1\" content=\"1 minute\" \/>\n<script type=\"application\/ld+json\" class=\"yoast-schema-graph\">{\"@context\":\"https:\/\/schema.org\",\"@graph\":[{\"@type\":\"WebPage\",\"@id\":\"https:\/\/kittyfriend.com\/fr\/litieres-vegetale\/kittyfriend-white-super-clumping-vegetal-litter\/\",\"url\":\"https:\/\/kittyfriend.com\/fr\/litieres-vegetale\/kittyfriend-white-super-clumping-vegetal-litter\/\",\"name\":\"Liti\u00e8re vegetale ecologique pour chats | Kittyfriend White\",\"isPartOf\":{\"@id\":\"https:\/\/kittyfriend.com\/fr\/#website\"},\"datePublished\":\"2024-12-09T09:04:33+00:00\",\"dateModified\":\"2024-12-26T10:18:05+00:00\",\"description\":\"D\u00e9couvrez notre liti\u00e8re ultra clampante, notre option agglom\u00e9rante recycl\u00e9e et v\u00e9g\u00e9tale qui fait le bonheur de votre chat et de la plan\u00e8te.\",\"breadcrumb\":{\"@id\":\"https:\/\/kittyfriend.com\/fr\/litieres-vegetale\/kittyfriend-white-super-clumping-vegetal-litter\/#breadcrumb\"},\"inLanguage\":\"fr-FR\",\"potentialAction\":[{\"@type\":\"ReadAction\",\"target\":[\"https:\/\/kittyfriend.com\/fr\/litieres-vegetale\/kittyfriend-white-super-clumping-vegetal-litter\/\"]}]},{\"@type\":\"BreadcrumbList\",\"@id\":\"https:\/\/kittyfriend.com\/fr\/litieres-vegetale\/kittyfriend-white-super-clumping-vegetal-litter\/#breadcrumb\",\"itemListElement\":[{\"@type\":\"ListItem\",\"position\":1,\"name\":\"Home\",\"item\":\"https:\/\/kittyfriend.com\/fr\/\"},{\"@type\":\"ListItem\",\"position\":2,\"name\":\"Products\",\"item\":\"https:\/\/kittyfriend.com\/fr\/products\/\"},{\"@type\":\"ListItem\",\"position\":3,\"name\":\"Kittyfriend White Super Clumping Vegetal Litter\"}]},{\"@type\":\"WebSite\",\"@id\":\"https:\/\/kittyfriend.com\/fr\/#website\",\"url\":\"https:\/\/kittyfriend.com\/fr\/\",\"name\":\"Kittyfriend\",\"description\":\"Cat Litter\",\"publisher\":{\"@id\":\"https:\/\/kittyfriend.com\/fr\/#organization\"},\"potentialAction\":[{\"@type\":\"SearchAction\",\"target\":{\"@type\":\"EntryPoint\",\"urlTemplate\":\"https:\/\/kittyfriend.com\/fr\/?s={search_term_string}\"},\"query-input\":{\"@type\":\"PropertyValueSpecification\",\"valueRequired\":true,\"valueName\":\"search_term_string\"}}],\"inLanguage\":\"fr-FR\"},{\"@type\":\"Organization\",\"@id\":\"https:\/\/kittyfriend.com\/fr\/#organization\",\"name\":\"Kittyfriend\",\"url\":\"https:\/\/kittyfriend.com\/fr\/\",\"logo\":{\"@type\":\"ImageObject\",\"inLanguage\":\"fr-FR\",\"@id\":\"https:\/\/kittyfriend.com\/fr\/#\/schema\/logo\/image\/\",\"url\":\"https:\/\/kittyfriend.com\/wp-content\/uploads\/2024\/11\/Logo_Kittyfriend-black.svg\",\"contentUrl\":\"https:\/\/kittyfriend.com\/wp-content\/uploads\/2024\/11\/Logo_Kittyfriend-black.svg\",\"width\":1,\"height\":1,\"caption\":\"Kittyfriend\"},\"image\":{\"@id\":\"https:\/\/kittyfriend.com\/fr\/#\/schema\/logo\/image\/\"}}]}<\/script>\n<!-- \/ Yoast SEO plugin. -->","yoast_head_json":{"title":"Liti\u00e8re vegetale ecologique pour chats | Kittyfriend White","description":"D\u00e9couvrez notre liti\u00e8re ultra clampante, notre option agglom\u00e9rante recycl\u00e9e et v\u00e9g\u00e9tale qui fait le bonheur de votre chat et de la plan\u00e8te.","robots":{"index":"index","follow":"follow","max-snippet":"max-snippet:-1","max-image-preview":"max-image-preview:large","max-video-preview":"max-video-preview:-1"},"canonical":"https:\/\/kittyfriend.com\/fr\/litieres-vegetale\/kittyfriend-white-super-clumping-vegetal-litter\/","og_locale":"fr_FR","og_type":"article","og_title":"Liti\u00e8re vegetale ecologique pour chats | Kittyfriend White","og_description":"D\u00e9couvrez notre liti\u00e8re ultra clampante, notre option agglom\u00e9rante recycl\u00e9e et v\u00e9g\u00e9tale qui fait le bonheur de votre chat et de la plan\u00e8te.","og_url":"https:\/\/kittyfriend.com\/fr\/litieres-vegetale\/kittyfriend-white-super-clumping-vegetal-litter\/","og_site_name":"Kittyfriend","article_modified_time":"2024-12-26T10:18:05+00:00","twitter_card":"summary_large_image","twitter_misc":{"Dur\u00e9e de lecture estim\u00e9e":"1 minute"},"schema":{"@context":"https:\/\/schema.org","@graph":[{"@type":"WebPage","@id":"https:\/\/kittyfriend.com\/fr\/litieres-vegetale\/kittyfriend-white-super-clumping-vegetal-litter\/","url":"https:\/\/kittyfriend.com\/fr\/litieres-vegetale\/kittyfriend-white-super-clumping-vegetal-litter\/","name":"Liti\u00e8re vegetale ecologique pour chats | Kittyfriend White","isPartOf":{"@id":"https:\/\/kittyfriend.com\/fr\/#website"},"datePublished":"2024-12-09T09:04:33+00:00","dateModified":"2024-12-26T10:18:05+00:00","description":"D\u00e9couvrez notre liti\u00e8re ultra clampante, notre option agglom\u00e9rante recycl\u00e9e et v\u00e9g\u00e9tale qui fait le bonheur de votre chat et de la plan\u00e8te.","breadcrumb":{"@id":"https:\/\/kittyfriend.com\/fr\/litieres-vegetale\/kittyfriend-white-super-clumping-vegetal-litter\/#breadcrumb"},"inLanguage":"fr-FR","potentialAction":[{"@type":"ReadAction","target":["https:\/\/kittyfriend.com\/fr\/litieres-vegetale\/kittyfriend-white-super-clumping-vegetal-litter\/"]}]},{"@type":"BreadcrumbList","@id":"https:\/\/kittyfriend.com\/fr\/litieres-vegetale\/kittyfriend-white-super-clumping-vegetal-litter\/#breadcrumb","itemListElement":[{"@type":"ListItem","position":1,"name":"Home","item":"https:\/\/kittyfriend.com\/fr\/"},{"@type":"ListItem","position":2,"name":"Products","item":"https:\/\/kittyfriend.com\/fr\/products\/"},{"@type":"ListItem","position":3,"name":"Kittyfriend White Super Clumping Vegetal Litter"}]},{"@type":"WebSite","@id":"https:\/\/kittyfriend.com\/fr\/#website","url":"https:\/\/kittyfriend.com\/fr\/","name":"Kittyfriend","description":"Cat Litter","publisher":{"@id":"https:\/\/kittyfriend.com\/fr\/#organization"},"potentialAction":[{"@type":"SearchAction","target":{"@type":"EntryPoint","urlTemplate":"https:\/\/kittyfriend.com\/fr\/?s={search_term_string}"},"query-input":{"@type":"PropertyValueSpecification","valueRequired":true,"valueName":"search_term_string"}}],"inLanguage":"fr-FR"},{"@type":"Organization","@id":"https:\/\/kittyfriend.com\/fr\/#organization","name":"Kittyfriend","url":"https:\/\/kittyfriend.com\/fr\/","logo":{"@type":"ImageObject","inLanguage":"fr-FR","@id":"https:\/\/kittyfriend.com\/fr\/#\/schema\/logo\/image\/","url":"https:\/\/kittyfriend.com\/wp-content\/uploads\/2024\/11\/Logo_Kittyfriend-black.svg","contentUrl":"https:\/\/kittyfriend.com\/wp-content\/uploads\/2024\/11\/Logo_Kittyfriend-black.svg","width":1,"height":1,"caption":"Kittyfriend"},"image":{"@id":"https:\/\/kittyfriend.com\/fr\/#\/schema\/logo\/image\/"}}]}},"_links":{"self":[{"href":"https:\/\/kittyfriend.com\/fr\/wp-json\/wp\/v2\/product\/777","targetHints":{"allow":["GET"]}}],"collection":[{"href":"https:\/\/kittyfriend.com\/fr\/wp-json\/wp\/v2\/product"}],"about":[{"href":"https:\/\/kittyfriend.com\/fr\/wp-json\/wp\/v2\/types\/product"}],"author":[{"embeddable":true,"href":"https:\/\/kittyfriend.com\/fr\/wp-json\/wp\/v2\/users\/2"}],"version-history":[{"count":6,"href":"https:\/\/kittyfriend.com\/fr\/wp-json\/wp\/v2\/product\/777\/revisions"}],"predecessor-version":[{"id":1099,"href":"https:\/\/kittyfriend.com\/fr\/wp-json\/wp\/v2\/product\/777\/revisions\/1099"}],"wp:attachment":[{"href":"https:\/\/kittyfriend.com\/fr\/wp-json\/wp\/v2\/media?parent=777"}],"wp:term":[{"taxonomy":"range","embeddable":true,"href":"https:\/\/kittyfriend.com\/fr\/wp-json\/wp\/v2\/range?post=777"}],"curies":[{"name":"wp","href":"https:\/\/api.w.org\/{rel}","templated":true}]}}