{"id":768,"date":"2024-12-05T14:09:41","date_gmt":"2024-12-05T14:09:41","guid":{"rendered":"https:\/\/kittyfriend0044.live-website.com\/product\/clumping-cat-litter\/"},"modified":"2024-12-26T12:58:49","modified_gmt":"2024-12-26T12:58:49","slug":"litieres-agglomerantes-litiere-agglomerante-pour-chats","status":"publish","type":"product","link":"https:\/\/kittyfriend.com\/fr\/litieres-agglomerantes\/litiere-agglomerante-pour-chats\/","title":{"rendered":"Kittyfriend Clumping"},"content":{"rendered":"<p><span data-sheets-root=\"1\">Liti\u00e8re agglom\u00e9rante 100 % naturelle avec un pouvoir d\u2019absorption de 200 % et une haute capacit\u00e9 d\u2019agglom\u00e9ration pour une hygi\u00e8ne optimale des chats et de votre maison.<\/span><\/p>\n","protected":false},"author":2,"featured_media":0,"menu_order":0,"template":"","meta":{"_acf_changed":false,"footnotes":""},"range":[24],"class_list":["post-768","product","type-product","status-publish","hentry","range-litieres-agglomerantes"],"acf":[],"yoast_head":"<!-- This site is optimized with the Yoast SEO plugin v24.1 - https:\/\/yoast.com\/wordpress\/plugins\/seo\/ -->\n<title>Liti\u00e8re agglom\u00e9rante pour chats | Kittyfriend<\/title>\n<meta name=\"description\" content=\"D\u00e9couvrez notre liti\u00e8re agglom\u00e9rante \u00e0 fort pouvoir d&#039;absorption ! Gardez votre maison propre et sans odeurs avec cette option \u00e9conomique et 100% naturelle.\" \/>\n<meta name=\"robots\" content=\"index, follow, max-snippet:-1, max-image-preview:large, max-video-preview:-1\" \/>\n<link rel=\"canonical\" href=\"https:\/\/kittyfriend.com\/fr\/litieres-agglomerantes\/litiere-agglomerante-pour-chats\/\" \/>\n<meta property=\"og:locale\" content=\"fr_FR\" \/>\n<meta property=\"og:type\" content=\"article\" \/>\n<meta property=\"og:title\" content=\"Liti\u00e8re agglom\u00e9rante pour chats | Kittyfriend\" \/>\n<meta property=\"og:description\" content=\"D\u00e9couvrez notre liti\u00e8re agglom\u00e9rante \u00e0 fort pouvoir d&#039;absorption ! Gardez votre maison propre et sans odeurs avec cette option \u00e9conomique et 100% naturelle.\" \/>\n<meta property=\"og:url\" content=\"https:\/\/kittyfriend.com\/fr\/litieres-agglomerantes\/litiere-agglomerante-pour-chats\/\" \/>\n<meta property=\"og:site_name\" content=\"Kittyfriend\" \/>\n<meta property=\"article:modified_time\" content=\"2024-12-26T12:58:49+00:00\" \/>\n<meta name=\"twitter:card\" content=\"summary_large_image\" \/>\n<meta name=\"twitter:label1\" content=\"Dur\u00e9e de lecture estim\u00e9e\" \/>\n\t<meta name=\"twitter:data1\" content=\"1 minute\" \/>\n<script type=\"application\/ld+json\" class=\"yoast-schema-graph\">{\"@context\":\"https:\/\/schema.org\",\"@graph\":[{\"@type\":\"WebPage\",\"@id\":\"https:\/\/kittyfriend.com\/fr\/litieres-agglomerantes\/litiere-agglomerante-pour-chats\/\",\"url\":\"https:\/\/kittyfriend.com\/fr\/litieres-agglomerantes\/litiere-agglomerante-pour-chats\/\",\"name\":\"Liti\u00e8re agglom\u00e9rante pour chats | Kittyfriend\",\"isPartOf\":{\"@id\":\"https:\/\/kittyfriend.com\/fr\/#website\"},\"datePublished\":\"2024-12-05T14:09:41+00:00\",\"dateModified\":\"2024-12-26T12:58:49+00:00\",\"description\":\"D\u00e9couvrez notre liti\u00e8re agglom\u00e9rante \u00e0 fort pouvoir d'absorption ! Gardez votre maison propre et sans odeurs avec cette option \u00e9conomique et 100% naturelle.\",\"breadcrumb\":{\"@id\":\"https:\/\/kittyfriend.com\/fr\/litieres-agglomerantes\/litiere-agglomerante-pour-chats\/#breadcrumb\"},\"inLanguage\":\"fr-FR\",\"potentialAction\":[{\"@type\":\"ReadAction\",\"target\":[\"https:\/\/kittyfriend.com\/fr\/litieres-agglomerantes\/litiere-agglomerante-pour-chats\/\"]}]},{\"@type\":\"BreadcrumbList\",\"@id\":\"https:\/\/kittyfriend.com\/fr\/litieres-agglomerantes\/litiere-agglomerante-pour-chats\/#breadcrumb\",\"itemListElement\":[{\"@type\":\"ListItem\",\"position\":1,\"name\":\"Home\",\"item\":\"https:\/\/kittyfriend.com\/fr\/\"},{\"@type\":\"ListItem\",\"position\":2,\"name\":\"Products\",\"item\":\"https:\/\/kittyfriend.com\/fr\/products\/\"},{\"@type\":\"ListItem\",\"position\":3,\"name\":\"Kittyfriend Clumping\"}]},{\"@type\":\"WebSite\",\"@id\":\"https:\/\/kittyfriend.com\/fr\/#website\",\"url\":\"https:\/\/kittyfriend.com\/fr\/\",\"name\":\"Kittyfriend\",\"description\":\"Cat Litter\",\"publisher\":{\"@id\":\"https:\/\/kittyfriend.com\/fr\/#organization\"},\"potentialAction\":[{\"@type\":\"SearchAction\",\"target\":{\"@type\":\"EntryPoint\",\"urlTemplate\":\"https:\/\/kittyfriend.com\/fr\/?s={search_term_string}\"},\"query-input\":{\"@type\":\"PropertyValueSpecification\",\"valueRequired\":true,\"valueName\":\"search_term_string\"}}],\"inLanguage\":\"fr-FR\"},{\"@type\":\"Organization\",\"@id\":\"https:\/\/kittyfriend.com\/fr\/#organization\",\"name\":\"Kittyfriend\",\"url\":\"https:\/\/kittyfriend.com\/fr\/\",\"logo\":{\"@type\":\"ImageObject\",\"inLanguage\":\"fr-FR\",\"@id\":\"https:\/\/kittyfriend.com\/fr\/#\/schema\/logo\/image\/\",\"url\":\"https:\/\/kittyfriend.com\/wp-content\/uploads\/2024\/11\/Logo_Kittyfriend-black.svg\",\"contentUrl\":\"https:\/\/kittyfriend.com\/wp-content\/uploads\/2024\/11\/Logo_Kittyfriend-black.svg\",\"width\":1,\"height\":1,\"caption\":\"Kittyfriend\"},\"image\":{\"@id\":\"https:\/\/kittyfriend.com\/fr\/#\/schema\/logo\/image\/\"}}]}<\/script>\n<!-- \/ Yoast SEO plugin. -->","yoast_head_json":{"title":"Liti\u00e8re agglom\u00e9rante pour chats | Kittyfriend","description":"D\u00e9couvrez notre liti\u00e8re agglom\u00e9rante \u00e0 fort pouvoir d'absorption ! Gardez votre maison propre et sans odeurs avec cette option \u00e9conomique et 100% naturelle.","robots":{"index":"index","follow":"follow","max-snippet":"max-snippet:-1","max-image-preview":"max-image-preview:large","max-video-preview":"max-video-preview:-1"},"canonical":"https:\/\/kittyfriend.com\/fr\/litieres-agglomerantes\/litiere-agglomerante-pour-chats\/","og_locale":"fr_FR","og_type":"article","og_title":"Liti\u00e8re agglom\u00e9rante pour chats | Kittyfriend","og_description":"D\u00e9couvrez notre liti\u00e8re agglom\u00e9rante \u00e0 fort pouvoir d'absorption ! Gardez votre maison propre et sans odeurs avec cette option \u00e9conomique et 100% naturelle.","og_url":"https:\/\/kittyfriend.com\/fr\/litieres-agglomerantes\/litiere-agglomerante-pour-chats\/","og_site_name":"Kittyfriend","article_modified_time":"2024-12-26T12:58:49+00:00","twitter_card":"summary_large_image","twitter_misc":{"Dur\u00e9e de lecture estim\u00e9e":"1 minute"},"schema":{"@context":"https:\/\/schema.org","@graph":[{"@type":"WebPage","@id":"https:\/\/kittyfriend.com\/fr\/litieres-agglomerantes\/litiere-agglomerante-pour-chats\/","url":"https:\/\/kittyfriend.com\/fr\/litieres-agglomerantes\/litiere-agglomerante-pour-chats\/","name":"Liti\u00e8re agglom\u00e9rante pour chats | Kittyfriend","isPartOf":{"@id":"https:\/\/kittyfriend.com\/fr\/#website"},"datePublished":"2024-12-05T14:09:41+00:00","dateModified":"2024-12-26T12:58:49+00:00","description":"D\u00e9couvrez notre liti\u00e8re agglom\u00e9rante \u00e0 fort pouvoir d'absorption ! Gardez votre maison propre et sans odeurs avec cette option \u00e9conomique et 100% naturelle.","breadcrumb":{"@id":"https:\/\/kittyfriend.com\/fr\/litieres-agglomerantes\/litiere-agglomerante-pour-chats\/#breadcrumb"},"inLanguage":"fr-FR","potentialAction":[{"@type":"ReadAction","target":["https:\/\/kittyfriend.com\/fr\/litieres-agglomerantes\/litiere-agglomerante-pour-chats\/"]}]},{"@type":"BreadcrumbList","@id":"https:\/\/kittyfriend.com\/fr\/litieres-agglomerantes\/litiere-agglomerante-pour-chats\/#breadcrumb","itemListElement":[{"@type":"ListItem","position":1,"name":"Home","item":"https:\/\/kittyfriend.com\/fr\/"},{"@type":"ListItem","position":2,"name":"Products","item":"https:\/\/kittyfriend.com\/fr\/products\/"},{"@type":"ListItem","position":3,"name":"Kittyfriend Clumping"}]},{"@type":"WebSite","@id":"https:\/\/kittyfriend.com\/fr\/#website","url":"https:\/\/kittyfriend.com\/fr\/","name":"Kittyfriend","description":"Cat Litter","publisher":{"@id":"https:\/\/kittyfriend.com\/fr\/#organization"},"potentialAction":[{"@type":"SearchAction","target":{"@type":"EntryPoint","urlTemplate":"https:\/\/kittyfriend.com\/fr\/?s={search_term_string}"},"query-input":{"@type":"PropertyValueSpecification","valueRequired":true,"valueName":"search_term_string"}}],"inLanguage":"fr-FR"},{"@type":"Organization","@id":"https:\/\/kittyfriend.com\/fr\/#organization","name":"Kittyfriend","url":"https:\/\/kittyfriend.com\/fr\/","logo":{"@type":"ImageObject","inLanguage":"fr-FR","@id":"https:\/\/kittyfriend.com\/fr\/#\/schema\/logo\/image\/","url":"https:\/\/kittyfriend.com\/wp-content\/uploads\/2024\/11\/Logo_Kittyfriend-black.svg","contentUrl":"https:\/\/kittyfriend.com\/wp-content\/uploads\/2024\/11\/Logo_Kittyfriend-black.svg","width":1,"height":1,"caption":"Kittyfriend"},"image":{"@id":"https:\/\/kittyfriend.com\/fr\/#\/schema\/logo\/image\/"}}]}},"_links":{"self":[{"href":"https:\/\/kittyfriend.com\/fr\/wp-json\/wp\/v2\/product\/768","targetHints":{"allow":["GET"]}}],"collection":[{"href":"https:\/\/kittyfriend.com\/fr\/wp-json\/wp\/v2\/product"}],"about":[{"href":"https:\/\/kittyfriend.com\/fr\/wp-json\/wp\/v2\/types\/product"}],"author":[{"embeddable":true,"href":"https:\/\/kittyfriend.com\/fr\/wp-json\/wp\/v2\/users\/2"}],"version-history":[{"count":5,"href":"https:\/\/kittyfriend.com\/fr\/wp-json\/wp\/v2\/product\/768\/revisions"}],"predecessor-version":[{"id":1100,"href":"https:\/\/kittyfriend.com\/fr\/wp-json\/wp\/v2\/product\/768\/revisions\/1100"}],"wp:attachment":[{"href":"https:\/\/kittyfriend.com\/fr\/wp-json\/wp\/v2\/media?parent=768"}],"wp:term":[{"taxonomy":"range","embeddable":true,"href":"https:\/\/kittyfriend.com\/fr\/wp-json\/wp\/v2\/range?post=768"}],"curies":[{"name":"wp","href":"https:\/\/api.w.org\/{rel}","templated":true}]}}