{"id":762,"date":"2024-11-28T11:12:11","date_gmt":"2024-11-28T11:12:11","guid":{"rendered":"https:\/\/kittyfriend0044.live-website.com\/home\/"},"modified":"2024-12-26T13:26:43","modified_gmt":"2024-12-26T13:26:43","slug":"home","status":"publish","type":"page","link":"https:\/\/kittyfriend.com\/fr\/","title":{"rendered":"Home"},"content":{"rendered":"<h1><strong>Kittyfriend Liti\u00e8re pour chat :<\/strong> naturellement bonnes<\/h1>\n","protected":false},"excerpt":{"rendered":"<p>Kittyfriend Liti\u00e8re pour chat : naturellement bonnes<\/p>\n","protected":false},"author":1,"featured_media":0,"parent":0,"menu_order":0,"comment_status":"closed","ping_status":"closed","template":"","meta":{"_acf_changed":false,"footnotes":""},"class_list":["post-762","page","type-page","status-publish","hentry"],"acf":[],"yoast_head":"<!-- This site is optimized with the Yoast SEO plugin v24.1 - https:\/\/yoast.com\/wordpress\/plugins\/seo\/ -->\n<title>Liti\u00e8re pour chat | Kittyfriend<\/title>\n<meta name=\"description\" content=\"D\u00e9couvrez notre gamme de liti\u00e8res pour chats: agglom\u00e9rantes, non agglom\u00e9rantes et biologiques. Trouvez la liti\u00e8re id\u00e9ale pour votre chat sur notre site!\" \/>\n<meta name=\"robots\" content=\"index, follow, max-snippet:-1, max-image-preview:large, max-video-preview:-1\" \/>\n<link rel=\"canonical\" href=\"https:\/\/kittyfriend.com\/fr\/\" \/>\n<meta property=\"og:locale\" content=\"fr_FR\" \/>\n<meta property=\"og:type\" content=\"article\" \/>\n<meta property=\"og:title\" content=\"Liti\u00e8re pour chat | Kittyfriend\" \/>\n<meta property=\"og:description\" content=\"D\u00e9couvrez notre gamme de liti\u00e8res pour chats: agglom\u00e9rantes, non agglom\u00e9rantes et biologiques. Trouvez la liti\u00e8re id\u00e9ale pour votre chat sur notre site!\" \/>\n<meta property=\"og:url\" content=\"https:\/\/kittyfriend.com\/fr\/\" \/>\n<meta property=\"og:site_name\" content=\"Kittyfriend\" \/>\n<meta property=\"article:modified_time\" content=\"2024-12-26T13:26:43+00:00\" \/>\n<meta name=\"twitter:card\" content=\"summary_large_image\" \/>\n<meta name=\"twitter:label1\" content=\"Dur\u00e9e de lecture estim\u00e9e\" \/>\n\t<meta name=\"twitter:data1\" content=\"1 minute\" \/>\n<script type=\"application\/ld+json\" class=\"yoast-schema-graph\">{\"@context\":\"https:\/\/schema.org\",\"@graph\":[{\"@type\":\"WebPage\",\"@id\":\"https:\/\/kittyfriend.com\/fr\/\",\"url\":\"https:\/\/kittyfriend.com\/fr\/\",\"name\":\"Liti\u00e8re pour chat | Kittyfriend\",\"isPartOf\":{\"@id\":\"https:\/\/kittyfriend.com\/fr\/#website\"},\"datePublished\":\"2024-11-28T11:12:11+00:00\",\"dateModified\":\"2024-12-26T13:26:43+00:00\",\"description\":\"D\u00e9couvrez notre gamme de liti\u00e8res pour chats: agglom\u00e9rantes, non agglom\u00e9rantes et biologiques. Trouvez la liti\u00e8re id\u00e9ale pour votre chat sur notre site!\",\"breadcrumb\":{\"@id\":\"https:\/\/kittyfriend.com\/fr\/#breadcrumb\"},\"inLanguage\":\"fr-FR\",\"potentialAction\":[{\"@type\":\"ReadAction\",\"target\":[\"https:\/\/kittyfriend.com\/fr\/\"]}]},{\"@type\":\"BreadcrumbList\",\"@id\":\"https:\/\/kittyfriend.com\/fr\/#breadcrumb\",\"itemListElement\":[{\"@type\":\"ListItem\",\"position\":1,\"name\":\"Home\",\"item\":\"https:\/\/kittyfriend.com\/fr\/\"},{\"@type\":\"ListItem\",\"position\":2,\"name\":\"Home\"}]},{\"@type\":\"WebSite\",\"@id\":\"https:\/\/kittyfriend.com\/fr\/#website\",\"url\":\"https:\/\/kittyfriend.com\/fr\/\",\"name\":\"Kittyfriend\",\"description\":\"Cat Litter\",\"publisher\":{\"@id\":\"https:\/\/kittyfriend.com\/fr\/#organization\"},\"potentialAction\":[{\"@type\":\"SearchAction\",\"target\":{\"@type\":\"EntryPoint\",\"urlTemplate\":\"https:\/\/kittyfriend.com\/fr\/?s={search_term_string}\"},\"query-input\":{\"@type\":\"PropertyValueSpecification\",\"valueRequired\":true,\"valueName\":\"search_term_string\"}}],\"inLanguage\":\"fr-FR\"},{\"@type\":\"Organization\",\"@id\":\"https:\/\/kittyfriend.com\/fr\/#organization\",\"name\":\"Kittyfriend\",\"url\":\"https:\/\/kittyfriend.com\/fr\/\",\"logo\":{\"@type\":\"ImageObject\",\"inLanguage\":\"fr-FR\",\"@id\":\"https:\/\/kittyfriend.com\/fr\/#\/schema\/logo\/image\/\",\"url\":\"https:\/\/kittyfriend.com\/wp-content\/uploads\/2024\/11\/Logo_Kittyfriend-black.svg\",\"contentUrl\":\"https:\/\/kittyfriend.com\/wp-content\/uploads\/2024\/11\/Logo_Kittyfriend-black.svg\",\"width\":1,\"height\":1,\"caption\":\"Kittyfriend\"},\"image\":{\"@id\":\"https:\/\/kittyfriend.com\/fr\/#\/schema\/logo\/image\/\"}}]}<\/script>\n<!-- \/ Yoast SEO plugin. -->","yoast_head_json":{"title":"Liti\u00e8re pour chat | Kittyfriend","description":"D\u00e9couvrez notre gamme de liti\u00e8res pour chats: agglom\u00e9rantes, non agglom\u00e9rantes et biologiques. Trouvez la liti\u00e8re id\u00e9ale pour votre chat sur notre site!","robots":{"index":"index","follow":"follow","max-snippet":"max-snippet:-1","max-image-preview":"max-image-preview:large","max-video-preview":"max-video-preview:-1"},"canonical":"https:\/\/kittyfriend.com\/fr\/","og_locale":"fr_FR","og_type":"article","og_title":"Liti\u00e8re pour chat | Kittyfriend","og_description":"D\u00e9couvrez notre gamme de liti\u00e8res pour chats: agglom\u00e9rantes, non agglom\u00e9rantes et biologiques. Trouvez la liti\u00e8re id\u00e9ale pour votre chat sur notre site!","og_url":"https:\/\/kittyfriend.com\/fr\/","og_site_name":"Kittyfriend","article_modified_time":"2024-12-26T13:26:43+00:00","twitter_card":"summary_large_image","twitter_misc":{"Dur\u00e9e de lecture estim\u00e9e":"1 minute"},"schema":{"@context":"https:\/\/schema.org","@graph":[{"@type":"WebPage","@id":"https:\/\/kittyfriend.com\/fr\/","url":"https:\/\/kittyfriend.com\/fr\/","name":"Liti\u00e8re pour chat | Kittyfriend","isPartOf":{"@id":"https:\/\/kittyfriend.com\/fr\/#website"},"datePublished":"2024-11-28T11:12:11+00:00","dateModified":"2024-12-26T13:26:43+00:00","description":"D\u00e9couvrez notre gamme de liti\u00e8res pour chats: agglom\u00e9rantes, non agglom\u00e9rantes et biologiques. Trouvez la liti\u00e8re id\u00e9ale pour votre chat sur notre site!","breadcrumb":{"@id":"https:\/\/kittyfriend.com\/fr\/#breadcrumb"},"inLanguage":"fr-FR","potentialAction":[{"@type":"ReadAction","target":["https:\/\/kittyfriend.com\/fr\/"]}]},{"@type":"BreadcrumbList","@id":"https:\/\/kittyfriend.com\/fr\/#breadcrumb","itemListElement":[{"@type":"ListItem","position":1,"name":"Home","item":"https:\/\/kittyfriend.com\/fr\/"},{"@type":"ListItem","position":2,"name":"Home"}]},{"@type":"WebSite","@id":"https:\/\/kittyfriend.com\/fr\/#website","url":"https:\/\/kittyfriend.com\/fr\/","name":"Kittyfriend","description":"Cat Litter","publisher":{"@id":"https:\/\/kittyfriend.com\/fr\/#organization"},"potentialAction":[{"@type":"SearchAction","target":{"@type":"EntryPoint","urlTemplate":"https:\/\/kittyfriend.com\/fr\/?s={search_term_string}"},"query-input":{"@type":"PropertyValueSpecification","valueRequired":true,"valueName":"search_term_string"}}],"inLanguage":"fr-FR"},{"@type":"Organization","@id":"https:\/\/kittyfriend.com\/fr\/#organization","name":"Kittyfriend","url":"https:\/\/kittyfriend.com\/fr\/","logo":{"@type":"ImageObject","inLanguage":"fr-FR","@id":"https:\/\/kittyfriend.com\/fr\/#\/schema\/logo\/image\/","url":"https:\/\/kittyfriend.com\/wp-content\/uploads\/2024\/11\/Logo_Kittyfriend-black.svg","contentUrl":"https:\/\/kittyfriend.com\/wp-content\/uploads\/2024\/11\/Logo_Kittyfriend-black.svg","width":1,"height":1,"caption":"Kittyfriend"},"image":{"@id":"https:\/\/kittyfriend.com\/fr\/#\/schema\/logo\/image\/"}}]}},"_links":{"self":[{"href":"https:\/\/kittyfriend.com\/fr\/wp-json\/wp\/v2\/pages\/762","targetHints":{"allow":["GET"]}}],"collection":[{"href":"https:\/\/kittyfriend.com\/fr\/wp-json\/wp\/v2\/pages"}],"about":[{"href":"https:\/\/kittyfriend.com\/fr\/wp-json\/wp\/v2\/types\/page"}],"author":[{"embeddable":true,"href":"https:\/\/kittyfriend.com\/fr\/wp-json\/wp\/v2\/users\/1"}],"replies":[{"embeddable":true,"href":"https:\/\/kittyfriend.com\/fr\/wp-json\/wp\/v2\/comments?post=762"}],"version-history":[{"count":6,"href":"https:\/\/kittyfriend.com\/fr\/wp-json\/wp\/v2\/pages\/762\/revisions"}],"predecessor-version":[{"id":1119,"href":"https:\/\/kittyfriend.com\/fr\/wp-json\/wp\/v2\/pages\/762\/revisions\/1119"}],"wp:attachment":[{"href":"https:\/\/kittyfriend.com\/fr\/wp-json\/wp\/v2\/media?parent=762"}],"curies":[{"name":"wp","href":"https:\/\/api.w.org\/{rel}","templated":true}]}}