{"id":1045,"date":"2024-12-09T09:04:33","date_gmt":"2024-12-09T09:04:33","guid":{"rendered":"https:\/\/kittyfriend0044.live-website.com\/product\/kittyfriend-white-super-clumping-vegetal-litter\/"},"modified":"2024-12-27T08:52:17","modified_gmt":"2024-12-27T08:52:17","slug":"super-klumpend","status":"publish","type":"product","link":"https:\/\/kittyfriend.com\/de\/kittyfriend-white-super-clumping-vegetal-litter\/","title":{"rendered":"Kittyfriend Wei\u00dfes Pflanzenbasiertes Super-Klumpstreu"},"content":{"rendered":"<p><span data-sheets-root=\"1\">Pflanzliches Streu mit hoher Klumpkraft, das unangenehme Ger\u00fcche auf nat\u00fcrliche Weise neutralisiert. Die feinen Pellets sind sanft zu den Pfoten und werden besonders f\u00fcr empfindliche Katzen empfohlen. Kann zur einfachen Reinigung in kleinen Mengen in der Toilette entsorgt werden*.<\/span><\/p>\n","protected":false},"author":2,"featured_media":0,"menu_order":0,"template":"","meta":{"_acf_changed":false,"footnotes":""},"range":[30],"class_list":["post-1045","product","type-product","status-publish","hentry","range-pflanzliches-katzenstreu"],"acf":[],"yoast_head":"<!-- This site is optimized with the Yoast SEO plugin v24.1 - https:\/\/yoast.com\/wordpress\/plugins\/seo\/ -->\n<title>Super klumpendes \u00d6ko-Katzenstreu | Kittyfriend White<\/title>\n<meta name=\"description\" content=\"Entdecken Sie unser \u00d6ko-Katzenstreu mit Ultra-Klumpen, die recycelte Option, die sowohl Ihre Katze als auch den Planeten gl\u00fccklich macht\" \/>\n<meta name=\"robots\" content=\"index, follow, max-snippet:-1, max-image-preview:large, max-video-preview:-1\" \/>\n<link rel=\"canonical\" href=\"https:\/\/kittyfriend.com\/de\/kittyfriend-white-super-clumping-vegetal-litter\/\" \/>\n<meta property=\"og:locale\" content=\"de_DE\" \/>\n<meta property=\"og:type\" content=\"article\" \/>\n<meta property=\"og:title\" content=\"Super klumpendes \u00d6ko-Katzenstreu | Kittyfriend White\" \/>\n<meta property=\"og:description\" content=\"Entdecken Sie unser \u00d6ko-Katzenstreu mit Ultra-Klumpen, die recycelte Option, die sowohl Ihre Katze als auch den Planeten gl\u00fccklich macht\" \/>\n<meta property=\"og:url\" content=\"https:\/\/kittyfriend.com\/de\/kittyfriend-white-super-clumping-vegetal-litter\/\" \/>\n<meta property=\"og:site_name\" content=\"Kittyfriend\" \/>\n<meta property=\"article:modified_time\" content=\"2024-12-27T08:52:17+00:00\" \/>\n<meta name=\"twitter:card\" content=\"summary_large_image\" \/>\n<meta name=\"twitter:label1\" content=\"Gesch\u00e4tzte Lesezeit\" \/>\n\t<meta name=\"twitter:data1\" content=\"1 Minute\" \/>\n<script type=\"application\/ld+json\" class=\"yoast-schema-graph\">{\"@context\":\"https:\/\/schema.org\",\"@graph\":[{\"@type\":\"WebPage\",\"@id\":\"https:\/\/kittyfriend.com\/de\/kittyfriend-white-super-clumping-vegetal-litter\/\",\"url\":\"https:\/\/kittyfriend.com\/de\/kittyfriend-white-super-clumping-vegetal-litter\/\",\"name\":\"Super klumpendes \u00d6ko-Katzenstreu | Kittyfriend White\",\"isPartOf\":{\"@id\":\"https:\/\/kittyfriend.com\/de\/#website\"},\"datePublished\":\"2024-12-09T09:04:33+00:00\",\"dateModified\":\"2024-12-27T08:52:17+00:00\",\"description\":\"Entdecken Sie unser \u00d6ko-Katzenstreu mit Ultra-Klumpen, die recycelte Option, die sowohl Ihre Katze als auch den Planeten gl\u00fccklich macht\",\"breadcrumb\":{\"@id\":\"https:\/\/kittyfriend.com\/de\/kittyfriend-white-super-clumping-vegetal-litter\/#breadcrumb\"},\"inLanguage\":\"de\",\"potentialAction\":[{\"@type\":\"ReadAction\",\"target\":[\"https:\/\/kittyfriend.com\/de\/kittyfriend-white-super-clumping-vegetal-litter\/\"]}]},{\"@type\":\"BreadcrumbList\",\"@id\":\"https:\/\/kittyfriend.com\/de\/kittyfriend-white-super-clumping-vegetal-litter\/#breadcrumb\",\"itemListElement\":[{\"@type\":\"ListItem\",\"position\":1,\"name\":\"Home\",\"item\":\"https:\/\/kittyfriend.com\/de\/\"},{\"@type\":\"ListItem\",\"position\":2,\"name\":\"Products\",\"item\":\"https:\/\/kittyfriend.com\/de\/products\/\"},{\"@type\":\"ListItem\",\"position\":3,\"name\":\"Kittyfriend Wei\u00dfes Pflanzenbasiertes Super-Klumpstreu\"}]},{\"@type\":\"WebSite\",\"@id\":\"https:\/\/kittyfriend.com\/de\/#website\",\"url\":\"https:\/\/kittyfriend.com\/de\/\",\"name\":\"Kittyfriend\",\"description\":\"Cat Litter\",\"publisher\":{\"@id\":\"https:\/\/kittyfriend.com\/de\/#organization\"},\"potentialAction\":[{\"@type\":\"SearchAction\",\"target\":{\"@type\":\"EntryPoint\",\"urlTemplate\":\"https:\/\/kittyfriend.com\/de\/?s={search_term_string}\"},\"query-input\":{\"@type\":\"PropertyValueSpecification\",\"valueRequired\":true,\"valueName\":\"search_term_string\"}}],\"inLanguage\":\"de\"},{\"@type\":\"Organization\",\"@id\":\"https:\/\/kittyfriend.com\/de\/#organization\",\"name\":\"Kittyfriend\",\"url\":\"https:\/\/kittyfriend.com\/de\/\",\"logo\":{\"@type\":\"ImageObject\",\"inLanguage\":\"de\",\"@id\":\"https:\/\/kittyfriend.com\/de\/#\/schema\/logo\/image\/\",\"url\":\"https:\/\/kittyfriend.com\/wp-content\/uploads\/2024\/11\/Logo_Kittyfriend-black.svg\",\"contentUrl\":\"https:\/\/kittyfriend.com\/wp-content\/uploads\/2024\/11\/Logo_Kittyfriend-black.svg\",\"width\":1,\"height\":1,\"caption\":\"Kittyfriend\"},\"image\":{\"@id\":\"https:\/\/kittyfriend.com\/de\/#\/schema\/logo\/image\/\"}}]}<\/script>\n<!-- \/ Yoast SEO plugin. -->","yoast_head_json":{"title":"Super klumpendes \u00d6ko-Katzenstreu | Kittyfriend White","description":"Entdecken Sie unser \u00d6ko-Katzenstreu mit Ultra-Klumpen, die recycelte Option, die sowohl Ihre Katze als auch den Planeten gl\u00fccklich macht","robots":{"index":"index","follow":"follow","max-snippet":"max-snippet:-1","max-image-preview":"max-image-preview:large","max-video-preview":"max-video-preview:-1"},"canonical":"https:\/\/kittyfriend.com\/de\/kittyfriend-white-super-clumping-vegetal-litter\/","og_locale":"de_DE","og_type":"article","og_title":"Super klumpendes \u00d6ko-Katzenstreu | Kittyfriend White","og_description":"Entdecken Sie unser \u00d6ko-Katzenstreu mit Ultra-Klumpen, die recycelte Option, die sowohl Ihre Katze als auch den Planeten gl\u00fccklich macht","og_url":"https:\/\/kittyfriend.com\/de\/kittyfriend-white-super-clumping-vegetal-litter\/","og_site_name":"Kittyfriend","article_modified_time":"2024-12-27T08:52:17+00:00","twitter_card":"summary_large_image","twitter_misc":{"Gesch\u00e4tzte Lesezeit":"1 Minute"},"schema":{"@context":"https:\/\/schema.org","@graph":[{"@type":"WebPage","@id":"https:\/\/kittyfriend.com\/de\/kittyfriend-white-super-clumping-vegetal-litter\/","url":"https:\/\/kittyfriend.com\/de\/kittyfriend-white-super-clumping-vegetal-litter\/","name":"Super klumpendes \u00d6ko-Katzenstreu | Kittyfriend White","isPartOf":{"@id":"https:\/\/kittyfriend.com\/de\/#website"},"datePublished":"2024-12-09T09:04:33+00:00","dateModified":"2024-12-27T08:52:17+00:00","description":"Entdecken Sie unser \u00d6ko-Katzenstreu mit Ultra-Klumpen, die recycelte Option, die sowohl Ihre Katze als auch den Planeten gl\u00fccklich macht","breadcrumb":{"@id":"https:\/\/kittyfriend.com\/de\/kittyfriend-white-super-clumping-vegetal-litter\/#breadcrumb"},"inLanguage":"de","potentialAction":[{"@type":"ReadAction","target":["https:\/\/kittyfriend.com\/de\/kittyfriend-white-super-clumping-vegetal-litter\/"]}]},{"@type":"BreadcrumbList","@id":"https:\/\/kittyfriend.com\/de\/kittyfriend-white-super-clumping-vegetal-litter\/#breadcrumb","itemListElement":[{"@type":"ListItem","position":1,"name":"Home","item":"https:\/\/kittyfriend.com\/de\/"},{"@type":"ListItem","position":2,"name":"Products","item":"https:\/\/kittyfriend.com\/de\/products\/"},{"@type":"ListItem","position":3,"name":"Kittyfriend Wei\u00dfes Pflanzenbasiertes Super-Klumpstreu"}]},{"@type":"WebSite","@id":"https:\/\/kittyfriend.com\/de\/#website","url":"https:\/\/kittyfriend.com\/de\/","name":"Kittyfriend","description":"Cat Litter","publisher":{"@id":"https:\/\/kittyfriend.com\/de\/#organization"},"potentialAction":[{"@type":"SearchAction","target":{"@type":"EntryPoint","urlTemplate":"https:\/\/kittyfriend.com\/de\/?s={search_term_string}"},"query-input":{"@type":"PropertyValueSpecification","valueRequired":true,"valueName":"search_term_string"}}],"inLanguage":"de"},{"@type":"Organization","@id":"https:\/\/kittyfriend.com\/de\/#organization","name":"Kittyfriend","url":"https:\/\/kittyfriend.com\/de\/","logo":{"@type":"ImageObject","inLanguage":"de","@id":"https:\/\/kittyfriend.com\/de\/#\/schema\/logo\/image\/","url":"https:\/\/kittyfriend.com\/wp-content\/uploads\/2024\/11\/Logo_Kittyfriend-black.svg","contentUrl":"https:\/\/kittyfriend.com\/wp-content\/uploads\/2024\/11\/Logo_Kittyfriend-black.svg","width":1,"height":1,"caption":"Kittyfriend"},"image":{"@id":"https:\/\/kittyfriend.com\/de\/#\/schema\/logo\/image\/"}}]}},"_links":{"self":[{"href":"https:\/\/kittyfriend.com\/de\/wp-json\/wp\/v2\/product\/1045","targetHints":{"allow":["GET"]}}],"collection":[{"href":"https:\/\/kittyfriend.com\/de\/wp-json\/wp\/v2\/product"}],"about":[{"href":"https:\/\/kittyfriend.com\/de\/wp-json\/wp\/v2\/types\/product"}],"author":[{"embeddable":true,"href":"https:\/\/kittyfriend.com\/de\/wp-json\/wp\/v2\/users\/2"}],"version-history":[{"count":4,"href":"https:\/\/kittyfriend.com\/de\/wp-json\/wp\/v2\/product\/1045\/revisions"}],"predecessor-version":[{"id":1132,"href":"https:\/\/kittyfriend.com\/de\/wp-json\/wp\/v2\/product\/1045\/revisions\/1132"}],"wp:attachment":[{"href":"https:\/\/kittyfriend.com\/de\/wp-json\/wp\/v2\/media?parent=1045"}],"wp:term":[{"taxonomy":"range","embeddable":true,"href":"https:\/\/kittyfriend.com\/de\/wp-json\/wp\/v2\/range?post=1045"}],"curies":[{"name":"wp","href":"https:\/\/api.w.org\/{rel}","templated":true}]}}